{"id":9719,"date":"2023-06-21T14:52:13","date_gmt":"2023-06-21T11:52:13","guid":{"rendered":"http:\/\/armgrupyapi.com\/our-experience\/"},"modified":"2023-08-22T11:40:15","modified_gmt":"2023-08-22T08:40:15","slug":"%d0%bd%d0%b0%d1%88-%d0%be%d0%bf%d1%8b%d1%82","status":"publish","type":"page","link":"https:\/\/armgrupyapi.com\/ru\/%d0%bd%d0%b0%d1%88-%d0%be%d0%bf%d1%8b%d1%82\/","title":{"rendered":"\u041d\u0430\u0448 \u043e\u043f\u044b\u0442"},"content":{"rendered":"\t\t<div data-elementor-type=\"wp-page\" data-elementor-id=\"9719\" class=\"elementor elementor-9719\">\n\t\t\t\t\t\t\t\t\t<section class=\"elementor-section elementor-top-section elementor-element elementor-element-562f1eeb elementor-reverse-mobile elementor-section-boxed elementor-section-height-default elementor-section-height-default\" data-id=\"562f1eeb\" data-element_type=\"section\" data-settings=\"{&quot;ekit_has_onepagescroll_dot&quot;:&quot;yes&quot;}\">\n\t\t\t\t\t\t<div class=\"elementor-container elementor-column-gap-default\">\n\t\t\t\t\t<div class=\"lqd-css-sticky-column elementor-column elementor-col-50 elementor-top-column elementor-element elementor-element-632e13d7\" style=\"--lqd-sticky-offset:0px\" data-id=\"632e13d7\" data-element_type=\"column\">\n\t\t\t<div class=\"elementor-widget-wrap elementor-element-populated\">\n\t\t\t\t\t\t\t\t<section class=\"elementor-section elementor-inner-section elementor-element elementor-element-675ac8e9 elementor-section-boxed elementor-section-height-default elementor-section-height-default\" data-id=\"675ac8e9\" data-element_type=\"section\" data-settings=\"{&quot;ekit_has_onepagescroll_dot&quot;:&quot;yes&quot;}\">\n\t\t\t\t\t\t<div class=\"elementor-container elementor-column-gap-default\">\n\t\t\t\t\t<div class=\"elementor-column elementor-col-100 elementor-inner-column elementor-element elementor-element-7be31d00\" data-id=\"7be31d00\" data-element_type=\"column\" data-settings=\"{&quot;background_background&quot;:&quot;classic&quot;}\">\n\t\t\t<div class=\"elementor-widget-wrap elementor-element-populated\">\n\t\t\t\t\t\t\t\t<div class=\"elementor-element elementor-element-1455f9e1 elementor-widget elementor-widget-hub_fancy_heading\" data-id=\"1455f9e1\" data-element_type=\"widget\" data-settings=\"{&quot;ekit_we_effect_on&quot;:&quot;none&quot;}\" data-widget_type=\"hub_fancy_heading.default\">\n\t\t\t\t<div class=\"elementor-widget-container\">\n\t\t\t\n\t\t<div id=\"ld-fancy-heading-69e74ed181476\" class=\"ld-fancy-heading pos-rel\">\n\t\t\t<h3 class=\"ld-fh-element d-inline-block pos-rel elementor-heading-title normal lqd-highlight-classic lqd-highlight-grow-left h3\"  > \u041c\u0435\u043d\u044e<\/h3>\t\t<\/div>\n\n\t\t\t\t<\/div>\n\t\t\t\t<\/div>\n\t\t\t\t<div class=\"elementor-element elementor-element-fe10477 elementor-widget elementor-widget-ld_custom_menu\" data-id=\"fe10477\" data-element_type=\"widget\" data-settings=\"{&quot;ekit_we_effect_on&quot;:&quot;none&quot;}\" data-widget_type=\"ld_custom_menu.default\">\n\t\t\t\t<div class=\"elementor-widget-container\">\n\t\t\t\n\t\t\t<div  \n\t\t\t\tclass=\"lqd-fancy-menu lqd-custom-menu pos-rel menu-items-has-fill lqd-menu-td-none\"\n\t\t\t\t\t\t\t>\n\t\t\t\n\t\t\t\t\t\t<ul id=\"fe10477\" class=\"reset-ul   \" ><li id=\"menu-item-9719\" class=\"menu-item menu-item-type-post_type menu-item-object-page menu-item-9719\"><a href=\"https:\/\/armgrupyapi.com\/deneyimlerimiz\/\">\u041d\u0430\u0448 \u043e\u043f\u044b\u0442<\/a><\/li>\n<li id=\"menu-item-9746\" class=\"menu-item menu-item-type-post_type menu-item-object-page menu-item-9746\"><a href=\"https:\/\/armgrupyapi.com\/referanslar\/\">\u0420\u0435\u043a\u043e\u043c\u0435\u043d\u0434\u0430\u0446\u0438\u0438<\/a><\/li>\n<li id=\"menu-item-9747\" class=\"menu-item menu-item-type-post_type menu-item-object-page menu-item-9747\"><a href=\"https:\/\/armgrupyapi.com\/sektorler\/\">\u041e\u0442\u0440\u0430\u0441\u043b\u0438<\/a><\/li>\n<li id=\"menu-item-9736\" class=\"menu-item menu-item-type-post_type menu-item-object-page menu-item-9736\"><a href=\"https:\/\/armgrupyapi.com\/belgeler\/\">\u0414\u043e\u043a\u0443\u043c\u0435\u043d\u0442\u044b<\/a><\/li>\n<\/ul>\t\t\t\t\t\t<\/div>\n\t\t\t\t<\/div>\n\t\t\t\t<\/div>\n\t\t\t\t\t<\/div>\n\t\t<\/div>\n\t\t\t\t\t\t\t<\/div>\n\t\t<\/section>\n\t\t\t\t<section class=\"elementor-section elementor-inner-section elementor-element elementor-element-2c32963f elementor-section-boxed elementor-section-height-default elementor-section-height-default\" data-id=\"2c32963f\" data-element_type=\"section\" data-settings=\"{&quot;ekit_has_onepagescroll_dot&quot;:&quot;yes&quot;}\">\n\t\t\t\t\t\t<div class=\"elementor-container elementor-column-gap-default\">\n\t\t\t\t\t<div class=\"elementor-column elementor-col-100 elementor-inner-column elementor-element elementor-element-1ca21061\" data-id=\"1ca21061\" data-element_type=\"column\" data-settings=\"{&quot;background_background&quot;:&quot;classic&quot;}\">\n\t\t\t<div class=\"elementor-widget-wrap elementor-element-populated\">\n\t\t\t\t\t\t\t\t<div class=\"elementor-element elementor-element-5bb2ab27 elementor-widget elementor-widget-hub_fancy_heading\" data-id=\"5bb2ab27\" data-element_type=\"widget\" data-settings=\"{&quot;ekit_we_effect_on&quot;:&quot;none&quot;}\" data-widget_type=\"hub_fancy_heading.default\">\n\t\t\t\t<div class=\"elementor-widget-container\">\n\t\t\t\n\t\t<div id=\"ld-fancy-heading-69e74ed18cb97\" class=\"ld-fancy-heading pos-rel\">\n\t\t\t<h3 class=\"ld-fh-element d-inline-block pos-rel elementor-heading-title normal lqd-highlight-classic lqd-highlight-grow-left h3\"  > \u0421\u0432\u044f\u0436\u0438\u0442\u0435\u0441\u044c \u0441 \u043d\u0430\u043c\u0438<\/h3>\t\t<\/div>\n\n\t\t\t\t<\/div>\n\t\t\t\t<\/div>\n\t\t\t\t<div class=\"elementor-element elementor-element-7af58c1 elementor-widget elementor-widget-ld_cf722\" data-id=\"7af58c1\" data-element_type=\"widget\" data-settings=\"{&quot;ekit_we_effect_on&quot;:&quot;none&quot;}\" data-widget_type=\"ld_cf722.default\">\n\t\t\t\t<div class=\"elementor-widget-container\">\n\t\t\t\n\t<div class=\"lqd-contact-form lqd-contact-form-inputs-filled lqd-contact-form-inputs-round lqd-contact-form-button-block\" >\n\t\t<div class=\"wpcf7 no-js\" id=\"wpcf7-f9691-o1\" lang=\"en-US\" dir=\"ltr\">\n<div class=\"screen-reader-response\"><p role=\"status\" aria-live=\"polite\" aria-atomic=\"true\"><\/p> <ul><\/ul><\/div>\n<form action=\"\/ru\/wp-json\/wp\/v2\/pages\/9719#wpcf7-f9691-o1\" method=\"post\" class=\"wpcf7-form init\" aria-label=\"Contact form\" novalidate=\"novalidate\" data-status=\"init\">\n<div style=\"display: none;\">\n<input type=\"hidden\" name=\"_wpcf7\" value=\"9691\" \/>\n<input type=\"hidden\" name=\"_wpcf7_version\" value=\"5.7.2\" \/>\n<input type=\"hidden\" name=\"_wpcf7_locale\" value=\"en_US\" \/>\n<input type=\"hidden\" name=\"_wpcf7_unit_tag\" value=\"wpcf7-f9691-o1\" \/>\n<input type=\"hidden\" name=\"_wpcf7_container_post\" value=\"0\" \/>\n<input type=\"hidden\" name=\"_wpcf7_posted_data_hash\" value=\"\" \/>\n<\/div>\n<p><span class=\"wpcf7-form-control-wrap\" data-name=\"your-name\"><input size=\"40\" class=\"wpcf7-form-control wpcf7-text wpcf7-validates-as-required\" aria-required=\"true\" aria-invalid=\"false\" placeholder=\"\u0418\u043c\u044f\" value=\"\" type=\"text\" name=\"your-name\" \/><\/span><span class=\"wpcf7-form-control-wrap\" data-name=\"your-tel\"><input size=\"40\" class=\"wpcf7-form-control wpcf7-text wpcf7-validates-as-required\" aria-required=\"true\" aria-invalid=\"false\" placeholder=\"Ph\u0422\u0435\u043b\u0435\u0444\u043e\u043dne\" value=\"\" type=\"text\" name=\"your-tel\" \/><\/span><span class=\"wpcf7-form-control-wrap\" data-name=\"your-email\"><input size=\"40\" class=\"wpcf7-form-control wpcf7-text wpcf7-email wpcf7-validates-as-required wpcf7-validates-as-email\" aria-required=\"true\" aria-invalid=\"false\" placeholder=\"\u042d\u043b\u0435\u043a\u0442\u0440\u043e\u043d\u043d\u0430\u044f \u043f\u043e\u0447\u0442\u0430\" value=\"\" type=\"email\" name=\"your-email\" \/><\/span><span class=\"wpcf7-form-control-wrap\" data-name=\"your-message\"><textarea cols=\"10\" rows=\"3\" class=\"wpcf7-form-control wpcf7-textarea wpcf7-validates-as-required\" aria-required=\"true\" aria-invalid=\"false\" placeholder=\"\u0421\u043e\u043e\u0431\u0449\u0435\u043d\u0438\u0435\" name=\"your-message\"><\/textarea><\/span><input class=\"wpcf7-form-control has-spinner wpcf7-submit\" type=\"submit\" value=\"\u041e\u0442\u043f\u0440\u0430\u0432\u0438\u0442\u044c\" \/>\n<\/p><div class=\"wpcf7-response-output\" aria-hidden=\"true\"><\/div><\/form><\/div>\t<\/div>\n\n\t\t\t<\/div>\n\t\t\t\t<\/div>\n\t\t\t\t\t<\/div>\n\t\t<\/div>\n\t\t\t\t\t\t\t<\/div>\n\t\t<\/section>\n\t\t\t\t\t<\/div>\n\t\t<\/div>\n\t\t\t\t<div class=\"elementor-column elementor-col-50 elementor-top-column elementor-element elementor-element-4a556426\" data-id=\"4a556426\" data-element_type=\"column\">\n\t\t\t<div class=\"elementor-widget-wrap elementor-element-populated\">\n\t\t\t\t\t\t\t\t<div class=\"elementor-element elementor-element-2b9a223 elementor-widget elementor-widget-text-editor\" data-id=\"2b9a223\" data-element_type=\"widget\" data-settings=\"{&quot;ekit_we_effect_on&quot;:&quot;none&quot;}\" data-widget_type=\"text-editor.default\">\n\t\t\t\t<div class=\"elementor-widget-container\">\n\t\t\t<style>\/*! elementor - v3.10.0 - 09-01-2023 *\/\n.elementor-widget-text-editor.elementor-drop-cap-view-stacked .elementor-drop-cap{background-color:#818a91;color:#fff}.elementor-widget-text-editor.elementor-drop-cap-view-framed .elementor-drop-cap{color:#818a91;border:3px solid;background-color:transparent}.elementor-widget-text-editor:not(.elementor-drop-cap-view-default) .elementor-drop-cap{margin-top:8px}.elementor-widget-text-editor:not(.elementor-drop-cap-view-default) .elementor-drop-cap-letter{width:1em;height:1em}.elementor-widget-text-editor .elementor-drop-cap{float:left;text-align:center;line-height:1;font-size:50px}.elementor-widget-text-editor .elementor-drop-cap-letter{display:inline-block}<\/style>\t\t\t\t<ul><li>Tu\u0308pra\u015f \u0130zmit Refinery Turkey 2017<br \/>Refractory Works<\/li><li>Tu\u0308pra\u015f \u0130zmir Refinery Turkey 2015-2017<br \/>Refractory\u00a0 And Resco Works<\/li><li>Alia\u011fa Socar Petrol Star Refinery Turkey 2016-2018<br \/>Refractory Works And Fiber Blanket Laying Works<\/li><li>\u00c7elikler Holding Seyit\u00f6mer Thermal Power Plant 2017-2022<br \/>Refractory Works And Scaffolding<\/li><li>As Cement Burdur Turkey 2018 2021<br \/>Refractory Works And Scaffolding<\/li><li>Norm Cement Baku Azerbaijan 2019-2023<br \/>Refractory Works<\/li><li>Akkord Cement Qazax Azerbaijan 2019-2022<br \/>Refractory Works<\/li><li>Arkoz Cement Qazax Azerbaijan 2022-2023<br \/>Refractory Works<\/li><li>Elaz\u0131\u011f \u00c7imenta\u015f Cement Turkey 20219 2020<br \/>Refractory Works<\/li><li>Edirne \u00c7imenta\u015f Cement Turkey 2020 2022<br \/>Refractory Works And Scaffolding<\/li><li>\u0130zmir \u00c7imenta\u015f Cement Turkey 2020 2022<br \/>Refractory Works And Scaffolding<\/li><li>Kars \u00c7imenta\u015f Cement Turkey 2018 2020<br \/>Refractory Works<\/li><li>Kuwait Cement Kuwait 2020<br \/>Refractory Works<\/li><li>Oyak Adana Cement Turkey 2020<br \/>Refractory Works<\/li><li>Oyak Unye Cement Turkey 2020<br \/>Refractory Works<\/li><li>Heidelbergcement Kaspi Plant Tiblisi Georgia 2021<br \/>Refractory Works And Scaffolding<\/li><li>Heidelbergcement Rustavi Plant Tiblisi Georgia 2023<br \/>Refractory Works<\/li><li>AKSA Power Plant 2023<br \/>Refractory Works<\/li><li><p style=\"font-weight: 400;\">Parget \u0422\u0443\u0440\u0446\u0438\u044f 2023<br \/>\u043f\u0435\u0447\u044c \u0434\u043b\u044f \u043e\u0431\u0436\u0438\u0433\u0430 \u0438\u0437\u0432\u0435\u0441\u0442\u0438, \u043e\u0433\u043d\u0435\u0443\u043f\u043e\u0440\u043d\u044b\u0435 \u0440\u0430\u0431\u043e\u0442\u044b<\/p><\/li><li><p style=\"font-weight: 400;\">Hydro-gen \u044d\u043d\u0435\u0440\u0433\u0438\u044f \u0422\u0443\u0440\u0446\u0438\u044f 2023<br \/>\u043e\u0433\u043d\u0435\u0443\u043f\u043e\u0440\u043d\u044b\u0435 \u0440\u0430\u0431\u043e\u0442\u044b<\/p><\/li><li><p style=\"font-weight: 400;\">Kipas \u0431\u0443\u043c\u0430\u0433\u0430 \u0422\u0443\u0440\u0446\u0438\u044f 2023<br \/>\u043e\u0433\u043d\u0435\u0443\u043f\u043e\u0440\u043d\u044b\u0435 \u0440\u0430\u0431\u043e\u0442\u044b<\/p><\/li><\/ul>\t\t\t\t\t\t<\/div>\n\t\t\t\t<\/div>\n\t\t\t\t<div class=\"elementor-element elementor-element-40f0c5d parag elementor-widget elementor-widget-text-editor\" data-id=\"40f0c5d\" data-element_type=\"widget\" data-settings=\"{&quot;ekit_we_effect_on&quot;:&quot;none&quot;}\" data-widget_type=\"text-editor.default\">\n\t\t\t\t<div class=\"elementor-widget-container\">\n\t\t\t\t\t\t\t<ul><li>Consulate General of Germany in Istanbul<\/li><li>ALSTOM Grid Energy Istanbul And Izmit Facilities<\/li><li>Antalya Gendarmerie Command<\/li><li>Ark Construction<\/li><li>Arta\u015f Construction \u00dcmraniye \u00dcmran Boru<\/li><li>BMC Automotive Industry and Trade Inc. Izmir<\/li><li>BP Hatay Dortyol Facilities<\/li><li>BP Izmir<\/li><li>BP Izmit<\/li><li>Bursa Organized Industrial Zone Directorate<\/li><li>He Fountain Command<\/li><li>\u00c7evtest Measurement Lab.<\/li><li>Dearsan Ship Construction Industry Co.<\/li><li>Navy Marmaris Aksaz<\/li><li>DSI Erzurum Facilities<\/li><li>EMTA Construction Inc. Incirlik Air Base<\/li><li>Eryap Plastic<\/li><li>EUAS Catalagzi<\/li><li>E\u00dcA\u015e Elbistan Thermal Power Plants<\/li><li>E\u00dcA\u015e K\u00fctahya<\/li><li>E\u00dcA\u015e Zonguldak<\/li><li>Fersan Vinegar<\/li><li>FORD Eski\u015fehir<\/li><li>Goodyear Adapazari<\/li><li>Goodyear Izmit<\/li><li>G\u00f6ztepe Training And Research Hospital<\/li><li>G\u00fcbreta\u015f<\/li><li>Air Force 2nd Jet Base Izmir<\/li><li>HEA\u015e Hamitabat Electricity Generation Co.<\/li><li>Hedef Pharmacy Warehouse Ka\u011f\u0131thane And Ba\u011fc\u0131lar Branch<\/li><li>HSBC Bank<\/li><li>British Consulate in Istanbul<\/li><li>British Consulate Uzbekistan Tashkent<\/li><li>ISDEMIR Iskenderun<\/li><li>\u0130stanbul Sal\u0131pazar\u0131 Port Management and Investment Inc. Karak\u00f6y Customs Directorate<\/li><li>Istanbul Shipyard<\/li><li>Istanbul Tuzla Shipyard<\/li><li>JLL Turkey<\/li><li>KARTONSA<\/li><li>Kemerk\u00f6y Thermal Power Plant<\/li><li>Kerevitas Food Industry And Trade Inc.<\/li><li>Kocaeli G\u00f6lc\u00fck Naval Shipyard Naval Command<\/li><li>KO\u00c7 Holding<\/li><li>LIMAK Iskenderun Facilities<\/li><li>Marmaray CR3 Project Halkal\u0131 And Pendik Construction Sites<\/li><li>Mefa Construction Group<\/li><li>Messer Ali Gas Industry Gases Inc.<\/li><li>Modern Cardboard Industry And Trade Co., Ltd.<\/li><li>ODT\u00dc Department of Construction and Technical Works<\/li><li>OHL Joint Venture<\/li><li>OMV Petrol Ofisi Trabzon Filling Terminal<\/li><li>PEPS\u0130CO<\/li><li>Pet Gas<\/li><li>Petkim<\/li><li>Powerproject Denizli Facilities<\/li><li>Sanmar Marine Machinery and Trade Inc.<\/li><li>Shell Mersin and Shell Hatay Facilities<\/li><li>SSK Istanbul \u015ei\u015fli Okmeydan\u0131 Training And Research Hospital<\/li><li>Ministry of Agriculture<\/li><li>T\u00dcPRA\u015e Alia\u011fa Refinery<\/li><li>T\u00dcPRA\u015e Batman Refineries<\/li><li>T\u00dcPRA\u015e \u0130zmit Refinery<\/li><li>T\u00dcPRA\u015e K\u0131r\u0131kkale Refinery<\/li><li>UNIVAR Chemical Industry and Trade. Ltd.<\/li><li>Wavin Pilsa Plastic Industry Co.<\/li><li>Vatan\u0131m Construction<\/li><li>YDA Construction<\/li><li>Yenik\u00f6y Thermal Power Plant<\/li><li><p style=\"font-weight: 400;\">Parget \u0422\u0443\u0440\u0446\u0438\u044f 2023<br \/>\u043f\u0435\u0447\u044c \u0434\u043b\u044f \u043e\u0431\u0436\u0438\u0433\u0430 \u0438\u0437\u0432\u0435\u0441\u0442\u0438, \u043e\u0433\u043d\u0435\u0443\u043f\u043e\u0440\u043d\u044b\u0435 \u0440\u0430\u0431\u043e\u0442\u044b<\/p><\/li><li><p style=\"font-weight: 400;\">Hydro-gen \u044d\u043d\u0435\u0440\u0433\u0438\u044f \u0422\u0443\u0440\u0446\u0438\u044f 2023<br \/>\u043e\u0433\u043d\u0435\u0443\u043f\u043e\u0440\u043d\u044b\u0435 \u0440\u0430\u0431\u043e\u0442\u044b<\/p><\/li><li><p style=\"font-weight: 400;\">Kipas \u0431\u0443\u043c\u0430\u0433\u0430 \u0422\u0443\u0440\u0446\u0438\u044f 2023<br \/>\u043e\u0433\u043d\u0435\u0443\u043f\u043e\u0440\u043d\u044b\u0435 \u0440\u0430\u0431\u043e\u0442\u044b<\/p><\/li><\/ul>\t\t\t\t\t\t<\/div>\n\t\t\t\t<\/div>\n\t\t\t\t\t<\/div>\n\t\t<\/div>\n\t\t\t\t\t\t\t<\/div>\n\t\t<\/section>\n\t\t\t\t\t\t\t<\/div>\n\t\t","protected":false},"excerpt":{"rendered":"<p>\u041c\u0435\u043d\u044e Deneyimlerimiz Referanslar Sekt\u00f6rler Belgeler \u0421\u0432\u044f\u0436\u0438\u0442\u0435\u0441\u044c \u0441 \u043d\u0430\u043c\u0438 Tu\u0308pra\u015f \u0130zmit Refinery Turkey 2017Refractory Works Tu\u0308pra\u015f \u0130zmir Refinery Turkey 2015-2017Refractory\u00a0 And Resco Works Alia\u011fa Socar Petrol Star Refinery Turkey 2016-2018Refractory Works And Fiber Blanket Laying Works \u00c7elikler Holding Seyit\u00f6mer Thermal Power Plant 2017-2022Refractory Works And Scaffolding As Cement Burdur Turkey 2018 2021Refractory Works And Scaffolding Norm [&hellip;]<\/p>\n","protected":false},"author":1,"featured_media":0,"parent":0,"menu_order":0,"comment_status":"closed","ping_status":"closed","template":"","meta":{"footnotes":""},"class_list":["post-9719","page","type-page","status-publish","hentry"],"_links":{"self":[{"href":"https:\/\/armgrupyapi.com\/ru\/wp-json\/wp\/v2\/pages\/9719"}],"collection":[{"href":"https:\/\/armgrupyapi.com\/ru\/wp-json\/wp\/v2\/pages"}],"about":[{"href":"https:\/\/armgrupyapi.com\/ru\/wp-json\/wp\/v2\/types\/page"}],"author":[{"embeddable":true,"href":"https:\/\/armgrupyapi.com\/ru\/wp-json\/wp\/v2\/users\/1"}],"replies":[{"embeddable":true,"href":"https:\/\/armgrupyapi.com\/ru\/wp-json\/wp\/v2\/comments?post=9719"}],"version-history":[{"count":7,"href":"https:\/\/armgrupyapi.com\/ru\/wp-json\/wp\/v2\/pages\/9719\/revisions"}],"predecessor-version":[{"id":10013,"href":"https:\/\/armgrupyapi.com\/ru\/wp-json\/wp\/v2\/pages\/9719\/revisions\/10013"}],"wp:attachment":[{"href":"https:\/\/armgrupyapi.com\/ru\/wp-json\/wp\/v2\/media?parent=9719"}],"curies":[{"name":"wp","href":"https:\/\/api.w.org\/{rel}","templated":true}]}}